{"id":35,"date":"2026-04-24T09:30:35","date_gmt":"2026-04-24T09:30:35","guid":{"rendered":"https:\/\/ittihadiharp.org\/?page_id=35"},"modified":"2026-04-25T12:48:31","modified_gmt":"2026-04-25T12:48:31","slug":"degerlervizyon","status":"publish","type":"page","link":"https:\/\/ittihadiharp.org\/?page_id=35","title":{"rendered":"De\u011ferler&#038;Vizyon"},"content":{"rendered":"\n<h2 class=\"wp-block-heading\"><strong>Vizyonumuz (Gelecek Hedefi)<\/strong><\/h2>\n\n\n\n<p>T\u00fcrk milliyet\u00e7ili\u011fini sadece bir duygu olarak de\u011fil; bilim, k\u00fclt\u00fcr ve strateji ile donat\u0131lm\u0131\u015f bir ya\u015fam bi\u00e7imi haline getirerek, T\u00fcrk milletinin k\u00fcresel \u00f6l\u00e7ekte hak etti\u011fi m\u00fcreffeh ve \u00f6nc\u00fc konuma ula\u015fmas\u0131na fikirsel \u00f6nc\u00fcl\u00fck etmektir. K\u00f6kleri derinlerde olan bu miras\u0131, modern d\u00fcnyan\u0131n gereklilikleriyle birle\u015ftirerek yeni nesillere aktarmak temel gayemizdir.<\/p>\n","protected":false},"excerpt":{"rendered":"<p>Vizyonumuz (Gelecek Hedefi) T\u00fcrk milliyet\u00e7ili\u011fini sadece bir duygu olarak de\u011fil; bilim, k\u00fclt\u00fcr ve strateji ile donat\u0131lm\u0131\u015f bir ya\u015fam bi\u00e7imi haline getirerek, T\u00fcrk milletinin k\u00fcresel \u00f6l\u00e7ekte hak etti\u011fi m\u00fcreffeh ve \u00f6nc\u00fc konuma ula\u015fmas\u0131na fikirsel \u00f6nc\u00fcl\u00fck etmektir. K\u00f6kleri derinlerde olan bu miras\u0131, modern d\u00fcnyan\u0131n gereklilikleriyle birle\u015ftirerek yeni nesillere aktarmak temel gayemizdir.<\/p>\n","protected":false},"author":2,"featured_media":0,"parent":0,"menu_order":0,"comment_status":"closed","ping_status":"closed","template":"","meta":{"saved_in_kubio":false,"_angie_page":false,"footnotes":""},"class_list":["post-35","page","type-page","status-publish","hentry"],"kubio_ai_page_context":{"short_desc":"","purpose":"general"},"_links":{"self":[{"href":"https:\/\/ittihadiharp.org\/index.php?rest_route=\/wp\/v2\/pages\/35","targetHints":{"allow":["GET"]}}],"collection":[{"href":"https:\/\/ittihadiharp.org\/index.php?rest_route=\/wp\/v2\/pages"}],"about":[{"href":"https:\/\/ittihadiharp.org\/index.php?rest_route=\/wp\/v2\/types\/page"}],"author":[{"embeddable":true,"href":"https:\/\/ittihadiharp.org\/index.php?rest_route=\/wp\/v2\/users\/2"}],"replies":[{"embeddable":true,"href":"https:\/\/ittihadiharp.org\/index.php?rest_route=%2Fwp%2Fv2%2Fcomments&post=35"}],"version-history":[{"count":2,"href":"https:\/\/ittihadiharp.org\/index.php?rest_route=\/wp\/v2\/pages\/35\/revisions"}],"predecessor-version":[{"id":154,"href":"https:\/\/ittihadiharp.org\/index.php?rest_route=\/wp\/v2\/pages\/35\/revisions\/154"}],"wp:attachment":[{"href":"https:\/\/ittihadiharp.org\/index.php?rest_route=%2Fwp%2Fv2%2Fmedia&parent=35"}],"curies":[{"name":"wp","href":"https:\/\/api.w.org\/{rel}","templated":true}]}}